{"id":6477,"date":"2025-02-25T11:32:14","date_gmt":"2025-02-25T08:32:14","guid":{"rendered":"https:\/\/ankarayatirim.com\/gayrimenkul-ankara-mobilyali-ve-mobilyasiz-daireler\/"},"modified":"2026-01-20T12:48:18","modified_gmt":"2026-01-20T09:48:18","slug":"gayrimenkul-ankara-mobilyali-ve-mobilyasiz-daireler","status":"publish","type":"page","link":"https:\/\/ankarayatirim.com\/tr\/","title":{"rendered":"Gayrimenkul Ankara Mobilyal\u0131 ve Mobilyas\u0131z Daireler"},"content":{"rendered":"<h2>Ankara Yat\u0131r\u0131m Real Estate &amp; Relocation, mobilyal\u0131 veya mobilyas\u0131z prestijli daireler, villalar ve apartman daireleri dahil olmak \u00fczere kiral\u0131k ev hizmeti sunmaktad\u0131r.<\/h2>\n<p><strong>Ankara Yat\u0131r\u0131m \u2013 \u00c7ankaya, Ankara&#8217;daki \u00d6nde Gelen Emlak ve Ta\u015f\u0131nma Orta\u011f\u0131n\u0131z<\/strong><\/p>\n<p>Ankara Yat\u0131r\u0131m olarak, \u00f6zellikle prestijli \u00c7ankaya b\u00f6lgesinde, b\u00fcy\u00fckel\u00e7iliklerin, uluslararas\u0131 \u015firketlerin, STK&#8217;lar\u0131n ve yabanc\u0131 akademisyenlerin ihtiya\u00e7lar\u0131na g\u00f6re \u00f6zel olarak tasarlanm\u0131\u015f, benzersiz gayrimenkul ve ta\u015f\u0131nma hizmetleri sunmak konusunda uzman\u0131z. Gayrimenkul Dan\u0131\u015fman\u0131 Erdem Sonbay&#8217;\u0131n uzman rehberli\u011finde, ekibimiz kapsaml\u0131 yerel pazar bilgisini kullanarak Ankara&#8217;n\u0131n en iyi konumlar\u0131nda mobilyal\u0131 ve mobilyas\u0131z daireler, villalar, apartmanlar ve konutlardan olu\u015fan \u00f6zenle se\u00e7ilmi\u015f bir portf\u00f6y sunmaktad\u0131r. <\/p>\n<p>Kaliteye ve ki\u015fiselle\u015ftirilmi\u015f hizmete olan ba\u011fl\u0131l\u0131\u011f\u0131m\u0131z, Ankara&#8217;n\u0131n en \u00e7ok ra\u011fbet g\u00f6ren b\u00f6lgelerinden birinde yeni evinize sorunsuz bir ge\u00e7i\u015f sa\u011flar. Benzersiz kriterlerinizi ideal m\u00fclkle e\u015fle\u015ftirmek i\u00e7in \u00f6zenle \u00e7al\u0131\u015f\u0131r, konfordan rahatl\u0131\u011fa kadar her ayr\u0131nt\u0131n\u0131n beklentilerinize tam olarak uygun olmas\u0131n\u0131 sa\u011flar\u0131z. <\/p>\n<p>Ankara&#8217;da uzman gayrimenkul \u00e7\u00f6z\u00fcmleri i\u00e7in Ankara Yat\u0131r\u0131m&#8217;\u0131 tercih edin. \u00c7ankaya&#8217;ya stratejik odaklanmam\u0131z ve uluslararas\u0131 m\u00fc\u015fteri gereksinimlerine ili\u015fkin derin anlay\u0131\u015f\u0131m\u0131zla, size sadece bir gayrimenkul sunmakla kalm\u0131yor, ayn\u0131 zamanda yeni ortam\u0131n\u0131za yerle\u015fmek gibi ger\u00e7ekten \u00f6nemli olan \u015feylere odaklanman\u0131z\u0131 sa\u011flayan sorunsuz bir ta\u015f\u0131nma deneyimi de sunuyoruz. <\/p>\n<p>Yeni bir ya\u015fam standard\u0131na ho\u015f geldiniz. Ankara Yat\u0131r\u0131m&#8217;a ho\u015f geldiniz. Real Estate &amp; Relocation, mobilyal\u0131 veya mobilyas\u0131z prestijli daireler, villalar ve apartman daireleri dahil olmak \u00fczere kiral\u0131k ev hizmeti sunmaktad\u0131r. <\/p>\n","protected":false},"excerpt":{"rendered":"<p>Ankara Yat\u0131r\u0131m Real Estate &amp; Relocation, mobilyal\u0131 veya mobilyas\u0131z prestijli daireler, villalar ve apartman daireleri dahil olmak \u00fczere kiral\u0131k ev hizmeti sunmaktad\u0131r. Ankara Yat\u0131r\u0131m \u2013 \u00c7ankaya, Ankara&#8217;daki \u00d6nde Gelen Emlak ve Ta\u015f\u0131nma Orta\u011f\u0131n\u0131z Ankara Yat\u0131r\u0131m olarak, \u00f6zellikle prestijli \u00c7ankaya b\u00f6lgesinde, b\u00fcy\u00fckel\u00e7iliklerin, uluslararas\u0131 \u015firketlerin, STK&#8217;lar\u0131n ve yabanc\u0131 akademisyenlerin ihtiya\u00e7lar\u0131na g\u00f6re \u00f6zel olarak tasarlanm\u0131\u015f, benzersiz gayrimenkul ve&#8230;<\/p>\n","protected":false},"author":1,"featured_media":0,"parent":0,"menu_order":0,"comment_status":"closed","ping_status":"closed","template":"templates\/home.php","meta":{"inline_featured_image":false,"_monsterinsights_skip_tracking":false,"_monsterinsights_sitenote_active":false,"_monsterinsights_sitenote_note":"","_monsterinsights_sitenote_category":0,"footnotes":""},"class_list":["post-6477","page","type-page","status-publish","hentry"],"_links":{"self":[{"href":"https:\/\/ankarayatirim.com\/tr\/wp-json\/wp\/v2\/pages\/6477","targetHints":{"allow":["GET"]}}],"collection":[{"href":"https:\/\/ankarayatirim.com\/tr\/wp-json\/wp\/v2\/pages"}],"about":[{"href":"https:\/\/ankarayatirim.com\/tr\/wp-json\/wp\/v2\/types\/page"}],"author":[{"embeddable":true,"href":"https:\/\/ankarayatirim.com\/tr\/wp-json\/wp\/v2\/users\/1"}],"replies":[{"embeddable":true,"href":"https:\/\/ankarayatirim.com\/tr\/wp-json\/wp\/v2\/comments?post=6477"}],"version-history":[{"count":2,"href":"https:\/\/ankarayatirim.com\/tr\/wp-json\/wp\/v2\/pages\/6477\/revisions"}],"predecessor-version":[{"id":6479,"href":"https:\/\/ankarayatirim.com\/tr\/wp-json\/wp\/v2\/pages\/6477\/revisions\/6479"}],"wp:attachment":[{"href":"https:\/\/ankarayatirim.com\/tr\/wp-json\/wp\/v2\/media?parent=6477"}],"curies":[{"name":"wp","href":"https:\/\/api.w.org\/{rel}","templated":true}]}}